{"id":2059,"date":"2026-04-27T23:00:24","date_gmt":"2026-04-27T23:00:24","guid":{"rendered":"https:\/\/festimusikstanstead.com\/?page_id=2059"},"modified":"2026-04-28T00:03:07","modified_gmt":"2026-04-28T00:03:07","slug":"hebergement","status":"publish","type":"page","link":"https:\/\/festimusikstanstead.com\/fr\/hebergement\/","title":{"rendered":"H\u00e9bergement"},"content":{"rendered":"<div class=\"et_pb_section_0 et_pb_section et_section_regular et_flex_section\">\n<div class=\"et_pb_row_0 et_pb_row et_flex_row\">\n<div class=\"et_pb_column_0 et_pb_column et-last-child et_flex_column et_pb_css_mix_blend_mode_passthrough et_flex_column_24_24 et_flex_column_24_24_tablet et_flex_column_24_24_phone\">\n<div class=\"et_pb_text_0 et_pb_text et_pb_bg_layout_light et_pb_module et_flex_module\"><div class=\"et_pb_text_inner\"><h1>H\u00e9bergement<\/h1>\n<\/div><\/div>\n\n<div class=\"et_pb_blurb_0 et_pb_blurb et_pb_bg_layout_light et_pb_text_align_center et_pb_blurb_position_top et_pb_module et_flex_module\"><div class=\"et_pb_blurb_content et_flex_module\"><div class=\"et_pb_main_blurb_image\"><span class=\"et_pb_image_wrap et_pb_only_image_mode_wrap\"><img loading=\"lazy\" decoding=\"async\" src=\"https:\/\/festimusikstanstead.com\/wp-content\/uploads\/2026\/04\/Sunshine.jpg\" width=\"850\" height=\"580\" srcset=\"https:\/\/festimusikstanstead.com\/wp-content\/uploads\/2026\/04\/Sunshine.jpg 850w\" sizes=\"(max-width: 850px) 100vw, 850px\" class=\"wp-image-2055\" title=\"Sunshine\" \/><\/span><\/div><div class=\"et_pb_blurb_container\"><h1 class=\"et_pb_module_header\">Auberge Sunshine Caf\u00e9 Bistro<\/h1><div class=\"et_pb_blurb_description\"><p>Venez d\u00e9couvrir nos pains, p\u00e2tisseries,<br \/>produits locaux et notre menu vari\u00e9.<br \/>4 belles chambres \u00e0 lou\u00e9<\/p>\n<p>680 rue Dufferin, Stanstead, QC J0B 3E0<br \/>(819) 876-7272<br \/><a href=\"mailto:contact@aubergelesunshine.com\">contact@aubergelesunshine.com<\/a><\/p>\n<\/div><\/div><\/div><\/div>\n\n<div class=\"et_pb_divider_0 et_pb_divider et_pb_space et_pb_divider_position_top et_pb_module\"><div class=\"et_pb_divider_internal\"><\/div><\/div>\n<\/div>\n<\/div>\n<\/div>\n\n<div class=\"et_pb_section_1 et_pb_section et_section_regular et_flex_section\">\n<div class=\"et_pb_row_1 et_pb_row et_flex_row\">\n<div class=\"et_pb_column_1 et_pb_column et-last-child et_flex_column et_pb_css_mix_blend_mode_passthrough et_flex_column_24_24 et_flex_column_24_24_tablet et_flex_column_24_24_phone\">\n<div class=\"et_pb_blurb_1 et_pb_blurb et_pb_bg_layout_light et_pb_text_align_center et_pb_blurb_position_top et_pb_module et_flex_module\"><div class=\"et_pb_blurb_content et_flex_module\"><div class=\"et_pb_main_blurb_image\"><span class=\"et_pb_image_wrap et_pb_only_image_mode_wrap\"><img loading=\"lazy\" decoding=\"async\" src=\"https:\/\/festimusikstanstead.com\/wp-content\/uploads\/2026\/04\/Lee-Farm1.jpg\" width=\"850\" height=\"580\" srcset=\"https:\/\/festimusikstanstead.com\/wp-content\/uploads\/2026\/04\/Lee-Farm1.jpg 850w\" sizes=\"(max-width: 850px) 100vw, 850px\" class=\"wp-image-2050\" title=\"Lee Farm1\" \/><\/span><\/div><div class=\"et_pb_blurb_container\"><h1 class=\"et_pb_module_header\">Lee Farm Inn<\/h1><div class=\"et_pb_blurb_description\"><p>Situ\u00e9e sur un domaine de 2 hectares, cette auberge pittoresque datant de 1810 se trouve \u00e0 3<br \/>minutes \u00e0 pied de la biblioth\u00e8que Haskell et la salle d\u2019op\u00e9ra Haskell, qui chevauche la fronti\u00e8re<br \/>entre le Qu\u00e9bec et le Vermont.<br \/>Les chambres confortables sont dot\u00e9es d'un mobilier traditionnel de style ancien et de tissus \u00e0<br \/>motifs floraux, et disposent d'une salle de bains privative. Certaines chambres comprennent des<br \/>lits \u00e0 baldaquin ou en fer forg\u00e9, <br \/>une chemin\u00e9e et une baignoire \u00eelot.<br \/>Le petit-d\u00e9jeuner est offert et l'\u00e9tablissement dispose d'un caf\u00e9 sur place. La piscine ext\u00e9rieure<br \/>chauff\u00e9e d'eau sal\u00e9e est ouverte en saison ; vous trouverez \u00e9galement un bain \u00e0 remous et un<br \/>sauna. Les autres \u00e9quipements comprennent des jardins et un salon avec chemin\u00e9e.<\/p>\n<p class=\"p1\">20 Boulevard Notre-Dame Ouest, Stanstead, QC J0B 3E2<\/p>\n<p class=\"p2\">(438) 884-1678<\/p>\n<p class=\"p1\"><a href=\"https:\/\/www.leefarminn.com\/\" target=\"_blank\" rel=\"noopener\">leefarminn.com<\/a><\/p>\n<\/div><\/div><\/div><\/div>\n<\/div>\n<\/div>\n<\/div>","protected":false},"excerpt":{"rendered":"","protected":false},"author":1,"featured_media":0,"parent":0,"menu_order":0,"comment_status":"closed","ping_status":"closed","template":"","meta":{"footnotes":""},"class_list":["post-2059","page","type-page","status-publish","hentry"],"_links":{"self":[{"href":"https:\/\/festimusikstanstead.com\/fr\/wp-json\/wp\/v2\/pages\/2059","targetHints":{"allow":["GET"]}}],"collection":[{"href":"https:\/\/festimusikstanstead.com\/fr\/wp-json\/wp\/v2\/pages"}],"about":[{"href":"https:\/\/festimusikstanstead.com\/fr\/wp-json\/wp\/v2\/types\/page"}],"author":[{"embeddable":true,"href":"https:\/\/festimusikstanstead.com\/fr\/wp-json\/wp\/v2\/users\/1"}],"replies":[{"embeddable":true,"href":"https:\/\/festimusikstanstead.com\/fr\/wp-json\/wp\/v2\/comments?post=2059"}],"version-history":[{"count":2,"href":"https:\/\/festimusikstanstead.com\/fr\/wp-json\/wp\/v2\/pages\/2059\/revisions"}],"predecessor-version":[{"id":2061,"href":"https:\/\/festimusikstanstead.com\/fr\/wp-json\/wp\/v2\/pages\/2059\/revisions\/2061"}],"wp:attachment":[{"href":"https:\/\/festimusikstanstead.com\/fr\/wp-json\/wp\/v2\/media?parent=2059"}],"curies":[{"name":"wp","href":"https:\/\/api.w.org\/{rel}","templated":true}]}}