{"id":1975,"date":"2026-04-21T01:03:26","date_gmt":"2026-04-21T01:03:26","guid":{"rendered":"https:\/\/festimusikstanstead.com\/?page_id=1975"},"modified":"2026-04-21T23:19:57","modified_gmt":"2026-04-21T23:19:57","slug":"a-propos","status":"publish","type":"page","link":"https:\/\/festimusikstanstead.com\/fr\/a-propos\/","title":{"rendered":"\u00c0 propos"},"content":{"rendered":"<div class=\"et_pb_section_0 et_pb_section et_section_regular et_flex_section\">\n<div class=\"et_pb_row_0 et_pb_row et_flex_row\">\n<div class=\"et_pb_column_0 et_pb_column et-last-child et_flex_column et_pb_css_mix_blend_mode_passthrough et_flex_column_24_24 et_flex_column_24_24_tablet et_flex_column_24_24_phone\">\n<div class=\"et_pb_text_0 et_pb_text et_pb_bg_layout_light et_pb_module et_flex_module preset--module--divi-text--4kn0ifm5q5\"><div class=\"et_pb_text_inner\"><h2>FestiMusik Stanstead<\/h2>\n<p class=\"p1\">Fond\u00e9 en 2023, FestiMusik Stanstead est rapidement devenu une tradition estivale en pleine croissance, ancr\u00e9e dans la communaut\u00e9, la cr\u00e9ativit\u00e9 et le partage.<\/p>\n<p class=\"p1\">Port\u00e9 par un comit\u00e9 de b\u00e9n\u00e9voles d\u00e9vou\u00e9s, le festival \u00e9volue chaque ann\u00e9e\u2014fa\u00e7onn\u00e9 par l\u2019exp\u00e9rience, la collaboration et une compr\u00e9hension approfondie des attentes du public.<\/p>\n<p class=\"p1\">D\u2019un concert-b\u00e9n\u00e9fice intimiste \u00e0 la Salle d\u2019Op\u00e9ra Haskell \u00e0 des prestations ext\u00e9rieures gratuites et anim\u00e9es dans le parc du Cercle de pierres, FestiMusik rassemble les gens autour de la musique dans un cadre \u00e0 la fois unique et accueillant.<\/p>\n<p class=\"p1\">Au fil de son \u00e9volution, le festival continue de faire place \u00e0 de nouvelles voix, en offrant \u00e0 des artistes \u00e9mergents de la r\u00e9gion l\u2019occasion de monter sur une sc\u00e8ne professionnelle et de se faire entendre.<\/p>\n<h3 class=\"p1\">Vision<\/h3>\n<p class=\"p1\">\u00c9tablir un festival annuel dynamique qui attire les visiteurs \u00e0 Stanstead tout en cr\u00e9ant une atmosph\u00e8re accueillante et m\u00e9morable pour les r\u00e9sidents comme pour les visiteurs. Ancr\u00e9 dans la communaut\u00e9 et la cr\u00e9ativit\u00e9, le festival vise \u00e0 accro\u00eetre la visibilit\u00e9 de la ville et \u00e0 devenir une tradition estivale incontournable.<\/p>\n<h3 class=\"p1\">Mission<\/h3>\n<p class=\"p1\">Donner vie \u00e0 FestiMusik Stanstead gr\u00e2ce \u00e0 une combinaison distinctive de musique, de gastronomie et de voitures anciennes,offrant une exp\u00e9rience qui rejoint un public vari\u00e9. Se d\u00e9ployant dans des lieux uniques et porteurs de sens, du Cercle de pierre en plein air jusqu\u2019\u00e0 des prestations \u00e0 la Haskell Opera House, le festival est con\u00e7u pour rassembler, c\u00e9l\u00e9brer la culture et offrir une exp\u00e9rience v\u00e9ritablement m\u00e9morable.<\/p>\n<\/div><\/div>\n\n<div class=\"et_pb_text_1 et_pb_text et_pb_bg_layout_light et_pb_module et_flex_module preset--module--divi-text--4kn0ifm5q5\"><div class=\"et_pb_text_inner\"><h2>Comit\u00e9<\/h2>\n<p>H\u00e9l\u00e8ne Hamel<br \/>Ginette Plouffe<br \/>Greg Duncan<br \/>Vincent Boudreau<br \/>Virginie Ashby<br \/>Danielle de Bellefeuille<\/p>\n<\/div><\/div>\n\n<div class=\"et_pb_text_2 et_pb_text et_pb_bg_layout_light et_pb_module et_flex_module preset--module--divi-text--4kn0ifm5q5\"><div class=\"et_pb_text_inner\"><h2>Contact<\/h2>\n<p>H\u00e9l\u00e8ne Hamel<br \/>819-679-5081<br \/>info@festimusikstanstead.com<br \/>Facebook<br \/>Instagram<\/p>\n<p>Soyez un artiste au festival<br \/>musik@festimusikstanstead.com<\/p>\n<\/div><\/div>\n\n<div class=\"et_pb_text_3 et_pb_text et_pb_bg_layout_light et_pb_module et_flex_module preset--module--divi-text--4kn0ifm5q5\"><div class=\"et_pb_text_inner\"><h2>B\u00e9n\u00e9voles<\/h2>\n<p>Appelez maintenant :<br \/>819-679-5081<br \/>info@festimusikstanstead.com<\/p>\n<\/div><\/div>\n<\/div>\n<\/div>\n<\/div>","protected":false},"excerpt":{"rendered":"","protected":false},"author":1,"featured_media":0,"parent":0,"menu_order":0,"comment_status":"closed","ping_status":"closed","template":"","meta":{"footnotes":""},"class_list":["post-1975","page","type-page","status-publish","hentry"],"_links":{"self":[{"href":"https:\/\/festimusikstanstead.com\/fr\/wp-json\/wp\/v2\/pages\/1975","targetHints":{"allow":["GET"]}}],"collection":[{"href":"https:\/\/festimusikstanstead.com\/fr\/wp-json\/wp\/v2\/pages"}],"about":[{"href":"https:\/\/festimusikstanstead.com\/fr\/wp-json\/wp\/v2\/types\/page"}],"author":[{"embeddable":true,"href":"https:\/\/festimusikstanstead.com\/fr\/wp-json\/wp\/v2\/users\/1"}],"replies":[{"embeddable":true,"href":"https:\/\/festimusikstanstead.com\/fr\/wp-json\/wp\/v2\/comments?post=1975"}],"version-history":[{"count":2,"href":"https:\/\/festimusikstanstead.com\/fr\/wp-json\/wp\/v2\/pages\/1975\/revisions"}],"predecessor-version":[{"id":1977,"href":"https:\/\/festimusikstanstead.com\/fr\/wp-json\/wp\/v2\/pages\/1975\/revisions\/1977"}],"wp:attachment":[{"href":"https:\/\/festimusikstanstead.com\/fr\/wp-json\/wp\/v2\/media?parent=1975"}],"curies":[{"name":"wp","href":"https:\/\/api.w.org\/{rel}","templated":true}]}}