{"id":1863,"date":"2026-04-13T20:43:20","date_gmt":"2026-04-13T20:43:20","guid":{"rendered":"https:\/\/festimusikstanstead.com\/?page_id=1863"},"modified":"2026-04-16T23:04:40","modified_gmt":"2026-04-16T23:04:40","slug":"musiciens","status":"publish","type":"page","link":"https:\/\/festimusikstanstead.com\/fr\/musiciens\/","title":{"rendered":"Musiciens"},"content":{"rendered":"<div class=\"et_pb_section_0 et_pb_section et_section_regular et_flex_section\">\n<div class=\"et_pb_row_0 et_pb_row et_flex_row\">\n<div class=\"et_pb_column_0 et_pb_column et_flex_column et_pb_css_mix_blend_mode_passthrough et_flex_column_12_24 et_flex_column_12_24_tablet et_flex_column_24_24_phone\">\n<div class=\"et_pb_text_0 et_pb_text et_pb_bg_layout_light et_pb_module et_flex_module et_flex_column_23_24_phone\"><div class=\"et_pb_text_inner\"><p class=\"p1\">The Damn Truth<\/p>\n<\/div><\/div>\n\n<div class=\"et_pb_text_1 et_pb_text et_pb_bg_layout_light et_pb_module et_flex_module\"><div class=\"et_pb_text_inner\"><p>Un spectacle rock de 90 minutes \u00e0 ne pas manquer !<br \/>Groupe de rock canadien bas\u00e9 \u00e0 Montr\u00e9al, reconnu pour son \u00e9nergie \u00e9lectrisante<br \/>sur sc\u00e8ne. Leur album \u00e9ponyme de 2025 a \u00e9t\u00e9 nomm\u00e9 dans la cat\u00e9gorie Album rock<br \/>de l\u2019ann\u00e9e aux Junos 2026.<\/p>\n<\/div><\/div>\n\n<div class=\"et_pb_image_0 et_pb_image et_pb_module et_flex_module\"><span class=\"et_pb_image_wrap\"><img loading=\"lazy\" decoding=\"async\" src=\"https:\/\/festimusikstanstead.com\/wp-content\/uploads\/2026\/04\/The-Damn-Truth.jpg\" title=\"The Damn Truth\" width=\"397\" height=\"311\" srcset=\"https:\/\/festimusikstanstead.com\/wp-content\/uploads\/2026\/04\/The-Damn-Truth.jpg 397w\" sizes=\"(max-width: 397px) 100vw, 397px\" class=\"wp-image-1809\" \/><\/span><\/div>\n<\/div>\n\n<div class=\"et_pb_column_1 et_pb_column et-last-child et_flex_column et_pb_css_mix_blend_mode_passthrough et_flex_column_12_24 et_flex_column_12_24_tablet et_flex_column_24_24_phone\">\n<div class=\"et_pb_image_1 et_pb_image et_pb_module et_flex_module\"><span class=\"et_pb_image_wrap\"><img loading=\"lazy\" decoding=\"async\" src=\"https:\/\/festimusikstanstead.com\/wp-content\/uploads\/2026\/04\/TheDamnTruth.jpg\" title=\"TheDamnTruth\" width=\"432\" height=\"432\" srcset=\"https:\/\/festimusikstanstead.com\/wp-content\/uploads\/2026\/04\/TheDamnTruth.jpg 432w\" sizes=\"(max-width: 432px) 100vw, 432px\" class=\"wp-image-1849\" \/><\/span><\/div>\n<\/div>\n<\/div>\n\n<div class=\"et_pb_row_1 et_pb_row et_flex_row\">\n<div class=\"et_pb_column_2 et_pb_column et-last-child et_flex_column et_pb_css_mix_blend_mode_passthrough et_flex_column_24_24 et_flex_column_24_24_tablet et_flex_column_24_24_phone\">\n<div class=\"et_pb_divider_0 et_pb_divider et_pb_space et_pb_divider_position_top et_pb_module\"><div class=\"et_pb_divider_internal\"><\/div><\/div>\n<\/div>\n<\/div>\n<\/div>\n\n<div class=\"et_pb_section_1 et_pb_section et_section_regular et_flex_section\">\n<div class=\"et_pb_row_2 et_pb_row et_flex_row\">\n<div class=\"et_pb_column_3 et_pb_column et_flex_column et_pb_css_mix_blend_mode_passthrough et_flex_column_12_24 et_flex_column_12_24_tablet et_flex_column_24_24_phone\">\n<div class=\"et_pb_text_2 et_pb_text et_pb_bg_layout_light et_pb_module et_flex_module et_flex_column_23_24_phone\"><div class=\"et_pb_text_inner\"><p class=\"p1\">Dany Flanders<\/p>\n<\/div><\/div>\n\n<div class=\"et_pb_text_3 et_pb_text et_pb_bg_layout_light et_pb_module et_flex_module\"><div class=\"et_pb_text_inner\"><p>Votre ma\u00eetre de c\u00e9r\u00e9monie et animateur hors pair, pr\u00eat \u00e0 lancer une soir\u00e9e m\u00e9morable.<br \/>Originaire de Stanstead, au Qu\u00e9bec, Dany Flanders est un chanteur et clavi\u00e9riste d'exception reconnu pour sa voix soul puissante. Remarqu\u00e9 lors de son passage \u00e0 La Voix, ce musicien polyvalent parcourt les sc\u00e8nes depuis des d\u00e9cennies, mariant habilement blues et pop avec une authenticit\u00e9 et une \u00e9nergie contagieuses.<\/p>\n<\/div><\/div>\n<\/div>\n\n<div class=\"et_pb_column_4 et_pb_column et-last-child et_flex_column et_pb_css_mix_blend_mode_passthrough et_flex_column_12_24 et_flex_column_12_24_tablet et_flex_column_24_24_phone\">\n<div class=\"et_pb_image_2 et_pb_image et_pb_module et_flex_module\"><span class=\"et_pb_image_wrap\"><img loading=\"lazy\" decoding=\"async\" src=\"https:\/\/festimusikstanstead.com\/wp-content\/uploads\/2025\/04\/Dany-Flanders.jpg\" width=\"1920\" height=\"1080\" srcset=\"https:\/\/festimusikstanstead.com\/wp-content\/uploads\/2025\/04\/Dany-Flanders.jpg 1920w\" sizes=\"(max-width: 1920px) 100vw, 1920px\" class=\"wp-image-1363\" title=\"TheDamnTruth\" \/><\/span><\/div>\n<\/div>\n<\/div>\n\n<div class=\"et_pb_row_3 et_pb_row et_flex_row\">\n<div class=\"et_pb_column_5 et_pb_column et-last-child et_flex_column et_pb_css_mix_blend_mode_passthrough et_flex_column_24_24 et_flex_column_24_24_tablet et_flex_column_24_24_phone\">\n<div class=\"et_pb_divider_1 et_pb_divider et_pb_space et_pb_divider_position_top et_pb_module\"><div class=\"et_pb_divider_internal\"><\/div><\/div>\n<\/div>\n<\/div>\n<\/div>\n\n<div class=\"et_pb_section_2 et_pb_section et_section_regular et_flex_section\">\n<div class=\"et_pb_row_4 et_pb_row et_flex_row\">\n<div class=\"et_pb_column_6 et_pb_column et_flex_column et_pb_css_mix_blend_mode_passthrough et_flex_column_12_24 et_flex_column_12_24_tablet et_flex_column_24_24_phone\">\n<div class=\"et_pb_text_4 et_pb_text et_pb_bg_layout_light et_pb_module et_flex_module et_flex_column_23_24_phone\"><div class=\"et_pb_text_inner\"><p class=\"p1\">50 Appalaches<\/p>\n<\/div><\/div>\n\n<div class=\"et_pb_text_5 et_pb_text et_pb_bg_layout_light et_pb_module et_flex_module\"><div class=\"et_pb_text_inner\"><p>N\u00e9 \u00e0 Magog, dans un garage transform\u00e9 en laboratoire cr\u00e9atif, 50 Appalaches s\u2019est forg\u00e9 au fil des ann\u00e9es, entre les bancs d\u2019\u00e9cole, la passion pour la musique et les soir\u00e9es tardives bien anim\u00e9es. C\u2019est dans ce refuge que le groupe a sculpt\u00e9 son identit\u00e9 sonore et donn\u00e9 vie \u00e0 ses premi\u00e8res compositions.<\/p>\n<p>Aujourd'hui, apr\u00e8s trois ans \u00e0 parcourir les routes, la formation franchit une \u00e9tape charni\u00e8re de son parcours : une toute premi\u00e8re pr\u00e9sence sur la sc\u00e8ne du FestiMusik Stanstead.<\/p>\n<p>En spectacle, 50 Appalaches livre une performance intense, authentique et sans artifice \u2014 une musique qui leur ressemble, profond\u00e9ment enracin\u00e9e ici, mais r\u00e9solument tourn\u00e9e vers l'avenir.<\/p>\n<\/div><\/div>\n<\/div>\n\n<div class=\"et_pb_column_7 et_pb_column et-last-child et_flex_column et_pb_css_mix_blend_mode_passthrough et_flex_column_12_24 et_flex_column_12_24_tablet et_flex_column_24_24_phone\">\n<div class=\"et_pb_image_3 et_pb_image et_pb_module et_flex_module\"><span class=\"et_pb_image_wrap\"><img loading=\"lazy\" decoding=\"async\" src=\"https:\/\/festimusikstanstead.com\/wp-content\/uploads\/2025\/05\/50-Appalaches-web.jpg\" title=\"50 Appalaches-web\" width=\"1084\" height=\"742\" srcset=\"https:\/\/festimusikstanstead.com\/wp-content\/uploads\/2025\/05\/50-Appalaches-web.jpg 1084w\" sizes=\"(max-width: 1084px) 100vw, 1084px\" class=\"wp-image-1492\" \/><\/span><\/div>\n<\/div>\n<\/div>\n\n<div class=\"et_pb_row_5 et_pb_row et_flex_row\">\n<div class=\"et_pb_column_8 et_pb_column et-last-child et_flex_column et_pb_css_mix_blend_mode_passthrough et_flex_column_24_24 et_flex_column_24_24_tablet et_flex_column_24_24_phone\">\n<div class=\"et_pb_divider_2 et_pb_divider et_pb_space et_pb_divider_position_top et_pb_module\"><div class=\"et_pb_divider_internal\"><\/div><\/div>\n<\/div>\n<\/div>\n<\/div>\n\n<div class=\"et_pb_section_3 et_pb_section et_section_regular et_flex_section\">\n<div class=\"et_pb_row_6 et_pb_row et_flex_row\">\n<div class=\"et_pb_column_9 et_pb_column et_flex_column et_pb_css_mix_blend_mode_passthrough et_flex_column_12_24 et_flex_column_12_24_tablet et_flex_column_24_24_phone\">\n<div class=\"et_pb_text_6 et_pb_text et_pb_bg_layout_light et_pb_module et_flex_module et_flex_column_23_24_phone\"><div class=\"et_pb_text_inner\"><p class=\"p1\">King of the Thing<\/p>\n<\/div><\/div>\n\n<div class=\"et_pb_text_7 et_pb_text et_pb_bg_layout_light et_pb_module et_flex_module\"><div class=\"et_pb_text_inner\"><p>Les membres de King of the Thing partagent la sc\u00e8ne depuis des d\u00e9cennies. Originaires des Cantons-de-l'Est, ces musiciens chevronn\u00e9s ont fait vibrer les foules aux quatre coins du Canada ainsi qu'en Europe. Reconnus pour leur pr\u00e9sence sc\u00e9nique captivante, ils livrent des performances impr\u00e9gn\u00e9es d'une \u00e9nergie brute et d'une \u00e9motion sinc\u00e8re, mettant en lumi\u00e8re leur fusion unique de Blues, de Rock et de Country.<\/p>\n<p>Au fil des ans, leur parcours les a men\u00e9s des sc\u00e8nes locales aux plateaux internationaux, se b\u00e2tissant une solide r\u00e9putation \u00e0 chaque escale. Toujours profond\u00e9ment ancr\u00e9s dans leurs racines de l'Estrie, ces artistes continuent de faire r\u00e9sonner leur signature sonore avec une passion et une authenticit\u00e9 in\u00e9branlables.<\/p>\n<\/div><\/div>\n<\/div>\n\n<div class=\"et_pb_column_10 et_pb_column et-last-child et_flex_column et_pb_css_mix_blend_mode_passthrough et_flex_column_12_24 et_flex_column_12_24_tablet et_flex_column_24_24_phone\">\n<div class=\"et_pb_image_4 et_pb_image et_pb_module et_flex_module\"><span class=\"et_pb_image_wrap\"><img loading=\"lazy\" decoding=\"async\" src=\"https:\/\/festimusikstanstead.com\/wp-content\/uploads\/2026\/04\/KingOfTheThing-small.jpg\" title=\"KingOfTheThing-small\" width=\"432\" height=\"621\" srcset=\"https:\/\/festimusikstanstead.com\/wp-content\/uploads\/2026\/04\/KingOfTheThing-small.jpg 432w\" sizes=\"(max-width: 432px) 100vw, 432px\" class=\"wp-image-1859\" \/><\/span><\/div>\n<\/div>\n<\/div>\n\n<div class=\"et_pb_row_7 et_pb_row et_flex_row\">\n<div class=\"et_pb_column_11 et_pb_column et-last-child et_flex_column et_pb_css_mix_blend_mode_passthrough et_flex_column_24_24 et_flex_column_24_24_tablet et_flex_column_24_24_phone\">\n<div class=\"et_pb_divider_3 et_pb_divider et_pb_space et_pb_divider_position_top et_pb_module\"><div class=\"et_pb_divider_internal\"><\/div><\/div>\n<\/div>\n<\/div>\n<\/div>\n\n<div class=\"et_pb_section_4 et_pb_section et_section_regular et_flex_section\">\n<div class=\"et_pb_row_8 et_pb_row et_flex_row\">\n<div class=\"et_pb_column_12 et_pb_column et_flex_column et_pb_css_mix_blend_mode_passthrough et_flex_column_12_24 et_flex_column_12_24_tablet et_flex_column_24_24_phone\">\n<div class=\"et_pb_text_8 et_pb_text et_pb_bg_layout_light et_pb_module et_flex_module et_flex_column_23_24_phone\"><div class=\"et_pb_text_inner\"><p class=\"p1\">S\u00f8los<\/p>\n<\/div><\/div>\n\n<div class=\"et_pb_text_9 et_pb_text et_pb_bg_layout_light et_pb_module et_flex_module\"><div class=\"et_pb_text_inner\"><p>Un mix entre le rap et le jazz en fran\u00e7ais avec des textes travaill\u00e9s et des doubles<br \/>sens. S\u00f8los fait la rencontre avec le hip-hop et la musicalit\u00e9. Dot\u00e9 d\u2019une style<br \/>distinct, le rappeur Sherbrookois sait manier la foule en allant des balades au<br \/>boom-bap.<\/p>\n<\/div><\/div>\n<\/div>\n\n<div class=\"et_pb_column_13 et_pb_column et-last-child et_flex_column et_pb_css_mix_blend_mode_passthrough et_flex_column_12_24 et_flex_column_12_24_tablet et_flex_column_24_24_phone\">\n<div class=\"et_pb_image_5 et_pb_image et_pb_module et_flex_module\"><span class=\"et_pb_image_wrap\"><img loading=\"lazy\" decoding=\"async\" src=\"https:\/\/festimusikstanstead.com\/wp-content\/uploads\/2026\/04\/Solos-2.png\" title=\"S\u00f8los-2\" width=\"360\" height=\"352\" srcset=\"https:\/\/festimusikstanstead.com\/wp-content\/uploads\/2026\/04\/Solos-2.png 360w\" sizes=\"(max-width: 360px) 100vw, 360px\" class=\"wp-image-1876\" \/><\/span><\/div>\n<\/div>\n<\/div>\n\n<div class=\"et_pb_row_9 et_pb_row et_flex_row\">\n<div class=\"et_pb_column_14 et_pb_column et-last-child et_flex_column et_pb_css_mix_blend_mode_passthrough et_flex_column_24_24 et_flex_column_24_24_tablet et_flex_column_24_24_phone\">\n<div class=\"et_pb_divider_4 et_pb_divider et_pb_space et_pb_divider_position_top et_pb_module\"><div class=\"et_pb_divider_internal\"><\/div><\/div>\n<\/div>\n<\/div>\n<\/div>\n\n<div class=\"et_pb_section_5 et_pb_section et_section_regular et_flex_section\">\n<div class=\"et_pb_row_10 et_pb_row et_flex_row\">\n<div class=\"et_pb_column_15 et_pb_column et_flex_column et_pb_css_mix_blend_mode_passthrough et_flex_column_12_24 et_flex_column_12_24_tablet et_flex_column_24_24_phone\">\n<div class=\"et_pb_text_10 et_pb_text et_pb_bg_layout_light et_pb_module et_flex_module\"><div class=\"et_pb_text_inner\"><p class=\"p1\">MATE<\/p>\n<\/div><\/div>\n\n<div class=\"et_pb_text_11 et_pb_text et_pb_bg_layout_light et_pb_module et_flex_module\"><div class=\"et_pb_text_inner\"><p>Mate, c'est cinq jeunes amis originaires de Sherbrooke qui ont comme seul d\u00e9sir de br\u00fbler encore plus fort sur toutes les sc\u00e8nes francophones nationales avec leur musique \u00e9clat\u00e9e et leurs paroles poignantes.<br \/>Si nos chansons forment une grande broderie \u00e9tincelante, tous ces fils singuliers, eux, repr\u00e9sentent<br \/>une influence diC\u00e9rente. Ses inspirations, des Beatles \u00e0 Yes, d\u2019Harmonium \u00e0 Jean Leloup, en<br \/>passant par Richard Strauss et Mahler, viennent d\u2019un ensemble de parcours individuels charg\u00e9s.<br \/>Ce sont ces multiples bagages musicaux et ces recherches sonores qui, depuis nos d\u00e9buts il y a<br \/>plus de cinq ans, se rejoignent pour cr\u00e9er un spectacle \u00e0 la fois planant et compl\u00e8tement d\u00e9jant\u00e9.<\/p>\n<\/div><\/div>\n<\/div>\n\n<div class=\"et_pb_column_16 et_pb_column et-last-child et_flex_column et_pb_css_mix_blend_mode_passthrough et_flex_column_12_24 et_flex_column_12_24_tablet et_flex_column_24_24_phone\">\n<div class=\"et_pb_image_6 et_pb_image et_pb_module et_flex_module\"><span class=\"et_pb_image_wrap\"><img loading=\"lazy\" decoding=\"async\" src=\"https:\/\/festimusikstanstead.com\/wp-content\/uploads\/2026\/04\/Mate-Group.jpg\" title=\"Mate-Group\" width=\"360\" height=\"540\" srcset=\"https:\/\/festimusikstanstead.com\/wp-content\/uploads\/2026\/04\/Mate-Group.jpg 360w\" sizes=\"(max-width: 360px) 100vw, 360px\" class=\"wp-image-1880\" \/><\/span><\/div>\n<\/div>\n<\/div>\n\n<div class=\"et_pb_row_11 et_pb_row et_flex_row\">\n<div class=\"et_pb_column_17 et_pb_column et-last-child et_flex_column et_pb_css_mix_blend_mode_passthrough et_flex_column_24_24 et_flex_column_24_24_tablet et_flex_column_24_24_phone\">\n<div class=\"et_pb_divider_5 et_pb_divider et_pb_space et_pb_divider_position_top et_pb_module\"><div class=\"et_pb_divider_internal\"><\/div><\/div>\n<\/div>\n<\/div>\n<\/div>","protected":false},"excerpt":{"rendered":"","protected":false},"author":1,"featured_media":0,"parent":0,"menu_order":0,"comment_status":"closed","ping_status":"closed","template":"","meta":{"footnotes":""},"class_list":["post-1863","page","type-page","status-publish","hentry"],"_links":{"self":[{"href":"https:\/\/festimusikstanstead.com\/fr\/wp-json\/wp\/v2\/pages\/1863","targetHints":{"allow":["GET"]}}],"collection":[{"href":"https:\/\/festimusikstanstead.com\/fr\/wp-json\/wp\/v2\/pages"}],"about":[{"href":"https:\/\/festimusikstanstead.com\/fr\/wp-json\/wp\/v2\/types\/page"}],"author":[{"embeddable":true,"href":"https:\/\/festimusikstanstead.com\/fr\/wp-json\/wp\/v2\/users\/1"}],"replies":[{"embeddable":true,"href":"https:\/\/festimusikstanstead.com\/fr\/wp-json\/wp\/v2\/comments?post=1863"}],"version-history":[{"count":2,"href":"https:\/\/festimusikstanstead.com\/fr\/wp-json\/wp\/v2\/pages\/1863\/revisions"}],"predecessor-version":[{"id":1865,"href":"https:\/\/festimusikstanstead.com\/fr\/wp-json\/wp\/v2\/pages\/1863\/revisions\/1865"}],"wp:attachment":[{"href":"https:\/\/festimusikstanstead.com\/fr\/wp-json\/wp\/v2\/media?parent=1863"}],"curies":[{"name":"wp","href":"https:\/\/api.w.org\/{rel}","templated":true}]}}