{"id":127,"date":"2023-05-01T16:01:09","date_gmt":"2023-05-01T16:01:09","guid":{"rendered":"https:\/\/festimusikstanstead.com\/partenaires\/"},"modified":"2026-04-22T00:49:35","modified_gmt":"2026-04-22T00:49:35","slug":"partenaires","status":"publish","type":"page","link":"https:\/\/festimusikstanstead.com\/fr\/partenaires\/","title":{"rendered":"Partenaires"},"content":{"rendered":"<div class=\"et_pb_section_0 et_pb_section et_section_regular et_block_section\">\n<div class=\"et_pb_row_0 et_pb_row et_block_row\">\n<div class=\"et_pb_column_0 et_pb_column et_pb_column_4_4 et-last-child et_block_column et_pb_css_mix_blend_mode_passthrough\">\n<div class=\"et_pb_text_0 et_pb_text et_pb_bg_layout_light et_animated et_pb_module et_block_module\"><div class=\"et_pb_text_inner\"><h1 style=\"text-align: center;\">Merci \u00e0 tous nos partenaires 2025<\/h1>\n<\/div><\/div>\n<\/div>\n<\/div>\n\n<div class=\"et_pb_row_1 et_pb_row et_block_row\">\n<div class=\"et_pb_column_1 et_pb_column et_pb_column_1_2 et_block_column et_pb_css_mix_blend_mode_passthrough\">\n<div class=\"et_pb_blurb_0 et_pb_blurb et_pb_bg_layout_light et_pb_blurb_position_top et_animated et_pb_module et_block_module\"><div class=\"et_pb_blurb_content\"><div class=\"et_pb_main_blurb_image\"><span class=\"et_pb_image_wrap et_pb_only_image_mode_wrap\"><img loading=\"lazy\" decoding=\"async\" src=\"https:\/\/festimusikstanstead.com\/wp-content\/uploads\/2024\/06\/Canada-New.png\" width=\"360\" height=\"165\" srcset=\"https:\/\/festimusikstanstead.com\/wp-content\/uploads\/2024\/06\/Canada-New.png 360w, https:\/\/festimusikstanstead.com\/wp-content\/uploads\/2024\/06\/Canada-New-300x138.png 300w\" sizes=\"(max-width: 360px) 100vw, 360px\" class=\"et_animated wp-image-1117\" \/><\/span><\/div><div class=\"et_pb_blurb_container\"><\/div><\/div><\/div>\n<\/div>\n\n<div class=\"et_pb_column_2 et_pb_column et_pb_column_1_2 et-last-child et_block_column et_pb_css_mix_blend_mode_passthrough\">\n<div class=\"et_pb_blurb_1 et_pb_blurb et_pb_bg_layout_light et_pb_blurb_position_top et_animated et_pb_module et_block_module\"><div class=\"et_pb_blurb_content\"><div class=\"et_pb_main_blurb_image\"><span class=\"et_pb_image_wrap et_pb_only_image_mode_wrap\"><img loading=\"lazy\" decoding=\"async\" src=\"https:\/\/festimusikstanstead.com\/wp-content\/uploads\/2023\/05\/MRC-Memphremagog-e1686654105872.png\" width=\"800\" height=\"558\" srcset=\"https:\/\/festimusikstanstead.com\/wp-content\/uploads\/2023\/05\/MRC-Memphremagog-e1686654105872-800x551.png 800w, https:\/\/festimusikstanstead.com\/wp-content\/uploads\/2023\/05\/MRC-Memphremagog-e1686654105872-480x270.png 480w\" sizes=\"(min-width: 0px) and (max-width: 480px) 480px, (min-width: 481px) and (max-width: 800px) 800px, 100vw\" class=\"et_animated wp-image-76\" \/><\/span><\/div><div class=\"et_pb_blurb_container\"><\/div><\/div><\/div>\n<\/div>\n<\/div>\n\n<div class=\"et_pb_row_2 et_pb_row et_block_row\">\n<div class=\"et_pb_column_3 et_pb_column et_pb_column_1_2 et_block_column et_pb_css_mix_blend_mode_passthrough\">\n<div class=\"et_pb_blurb_2 et_pb_blurb et_pb_bg_layout_light et_pb_blurb_position_top et_animated et_pb_module et_block_module\"><div class=\"et_pb_blurb_content\"><div class=\"et_pb_main_blurb_image\"><span class=\"et_pb_image_wrap et_pb_only_image_mode_wrap\"><img loading=\"lazy\" decoding=\"async\" src=\"https:\/\/festimusikstanstead.com\/wp-content\/uploads\/2023\/07\/Ville-Stanstead.png\" width=\"792\" height=\"318\" srcset=\"https:\/\/festimusikstanstead.com\/wp-content\/uploads\/2023\/07\/Ville-Stanstead.png 792w, https:\/\/festimusikstanstead.com\/wp-content\/uploads\/2023\/07\/Ville-Stanstead-480x193.png 480w\" sizes=\"(min-width: 0px) and (max-width: 480px) 480px, (min-width: 481px) 792px, 100vw\" class=\"et_animated wp-image-865\" \/><\/span><\/div><div class=\"et_pb_blurb_container\"><\/div><\/div><\/div>\n<\/div>\n\n<div class=\"et_pb_column_4 et_pb_column et_pb_column_1_2 et-last-child et_block_column et_pb_css_mix_blend_mode_passthrough\">\n<div class=\"et_pb_blurb_3 et_pb_blurb et_pb_bg_layout_light et_pb_blurb_position_top et_animated et_pb_module et_block_module\"><div class=\"et_pb_blurb_content\"><div class=\"et_pb_main_blurb_image\"><span class=\"et_pb_image_wrap et_pb_only_image_mode_wrap\"><img loading=\"lazy\" decoding=\"async\" src=\"https:\/\/festimusikstanstead.com\/wp-content\/uploads\/2024\/06\/Gilles-Belanger.png\" width=\"1296\" height=\"590\" srcset=\"https:\/\/festimusikstanstead.com\/wp-content\/uploads\/2024\/06\/Gilles-Belanger.png 1296w, https:\/\/festimusikstanstead.com\/wp-content\/uploads\/2024\/06\/Gilles-Belanger-1280x583.png 1280w, https:\/\/festimusikstanstead.com\/wp-content\/uploads\/2024\/06\/Gilles-Belanger-980x446.png 980w, https:\/\/festimusikstanstead.com\/wp-content\/uploads\/2024\/06\/Gilles-Belanger-480x219.png 480w\" sizes=\"(min-width: 0px) and (max-width: 480px) 480px, (min-width: 481px) and (max-width: 980px) 980px, (min-width: 981px) and (max-width: 1280px) 1280px, (min-width: 1281px) 1296px, 100vw\" class=\"et_animated wp-image-1111\" \/><\/span><\/div><div class=\"et_pb_blurb_container\"><\/div><\/div><\/div>\n<\/div>\n<\/div>\n\n<div class=\"et_pb_row_3 et_pb_row et_block_row\">\n<div class=\"et_pb_column_5 et_pb_column et_pb_column_4_4 et-last-child et_block_column et_pb_css_mix_blend_mode_passthrough\">\n<div class=\"et_pb_text_1 et_pb_text et_pb_bg_layout_light et_pb_module et_block_module\"><div class=\"et_pb_text_inner\"><h3 class=\"p1\" style=\"text-align: center;\">\u00c0 la Claire Fontaine \u2022 Asalco \u2022 Auberge Le Sunshine \u2022 Autobus Ashby \u2022 Centre de r\u00e9novation G. Doyon BMR \u2022 BMR Centre de r\u00e9novation Stanstead \u2022 Centre R\u00e9creatif Stanstead \u2022 Construction Goudreau \u2022 Desjardins, Caisse du Lac Memphr\u00e9magog \u2022 D\u00e9veloppement Chauvette \u2022 D.W. Design \u2022 Entreprise Scott Hatch Inc. \u2022 Familiprix \u2022 Fondation Townshippers Foundation \u2022 Gilles B\u00e9langer, D\u00e9put\u00e9 d\u2019Orford \u2022 Garage L.P. Inc. \u2022 Gouvernement du Canada \u2022 Granit C.O.M. inc. \u2022 Granit Rouleau \u2022 GranQuartz \u2022 Impression Stanstead \u2022 Informatique A.S.R. \u2022 Laiterie de Coaticook \u2022 Le Bazar de Stanstead \u2022 Les March\u00e9s Tradition Labont\u00e9 \u2022 Lepitre Granite \u2022 M\u00e9canique des Fronti\u00e8res \u2022 MISA \u2022 Miss Bob &amp; Pine \u2022 MRC Memphr\u00e9magog \u2022 Municipalit\u00e9 d\u2019Ogden \u2022 Municipalit\u00e9 Stanstead Est \u2022 NH \u00c9lectrique \u2022 Picture This On Granite \u2022 R\u00e9max \u2013 \u00c9milie Dupont \u2022 Rendez-Vous Restaurant Familiale \u2022 R\u00e9novation J. Chamberlain \u2022 Stanstead en harmonie \u2022 Stucco et Joints Simon Gince inc. \u2022 Val\u00e9rie Moreau Notaire \u2022 Ville de Stanstead \u2022 Xtreme Granite<\/h3>\n<\/div><\/div>\n<\/div>\n<\/div>\n\n<div class=\"et_pb_row_4 et_pb_row et_block_row\">\n<div class=\"et_pb_column_6 et_pb_column et_pb_column_4_4 et-last-child et_block_column et_pb_css_mix_blend_mode_passthrough\">\n<div class=\"et_pb_image_0 et_pb_image et_animated et_pb_module et_block_module\"><span class=\"et_pb_image_wrap\"><img loading=\"lazy\" decoding=\"async\" src=\"https:\/\/festimusikstanstead.com\/wp-content\/uploads\/2025\/06\/2025-commenditaire.png\" width=\"878\" height=\"1366\" srcset=\"https:\/\/festimusikstanstead.com\/wp-content\/uploads\/2025\/06\/2025-commenditaire.png 878w\" sizes=\"(max-width: 878px) 100vw, 878px\" class=\"wp-image-1634\" title=\"2025-commenditaire\" \/><\/span><\/div>\n<\/div>\n<\/div>\n<\/div>","protected":false},"excerpt":{"rendered":"","protected":false},"author":1,"featured_media":0,"parent":0,"menu_order":0,"comment_status":"closed","ping_status":"closed","template":"","meta":{"footnotes":""},"class_list":["post-127","page","type-page","status-publish","hentry"],"_links":{"self":[{"href":"https:\/\/festimusikstanstead.com\/fr\/wp-json\/wp\/v2\/pages\/127","targetHints":{"allow":["GET"]}}],"collection":[{"href":"https:\/\/festimusikstanstead.com\/fr\/wp-json\/wp\/v2\/pages"}],"about":[{"href":"https:\/\/festimusikstanstead.com\/fr\/wp-json\/wp\/v2\/types\/page"}],"author":[{"embeddable":true,"href":"https:\/\/festimusikstanstead.com\/fr\/wp-json\/wp\/v2\/users\/1"}],"replies":[{"embeddable":true,"href":"https:\/\/festimusikstanstead.com\/fr\/wp-json\/wp\/v2\/comments?post=127"}],"version-history":[{"count":100,"href":"https:\/\/festimusikstanstead.com\/fr\/wp-json\/wp\/v2\/pages\/127\/revisions"}],"predecessor-version":[{"id":1991,"href":"https:\/\/festimusikstanstead.com\/fr\/wp-json\/wp\/v2\/pages\/127\/revisions\/1991"}],"wp:attachment":[{"href":"https:\/\/festimusikstanstead.com\/fr\/wp-json\/wp\/v2\/media?parent=127"}],"curies":[{"name":"wp","href":"https:\/\/api.w.org\/{rel}","templated":true}]}}